{"id":2,"date":"2017-06-20T14:51:32","date_gmt":"2017-06-20T12:51:32","guid":{"rendered":"http:\/\/wp.movimento-mainz.de\/?page_id=2"},"modified":"2026-01-29T14:21:55","modified_gmt":"2026-01-29T13:21:55","slug":"home","status":"publish","type":"page","link":"https:\/\/wp.movimento-mainz.de\/","title":{"rendered":"home"},"content":{"rendered":"<p>[et_pb_section fb_built=&#8220;1&#8243; fullwidth=&#8220;on&#8220; _builder_version=&#8220;3.22&#8243;][et_pb_fullwidth_image src=&#8220;http:\/\/wp.movimento-mainz.de\/wp-content\/uploads\/2017\/12\/20170409-DSC_9170.jpg&#8220; admin_label=&#8220;Titelbild&#8220; _builder_version=&#8220;3.0.87&#8243; border_style=&#8220;solid&#8220; animation=&#8220;off&#8220;][\/et_pb_fullwidth_image][\/et_pb_section][et_pb_section fb_built=&#8220;1&#8243; inner_shadow=&#8220;on&#8220; module_class=&#8220;sb_dci_settings_curved sb_dci_size_100&#8243; _builder_version=&#8220;3.22&#8243; background_color=&#8220;#e09900&#8243;][et_pb_row _builder_version=&#8220;3.25&#8243; background_size=&#8220;initial&#8220; background_position=&#8220;top_left&#8220; background_repeat=&#8220;repeat&#8220;][et_pb_column type=&#8220;4_4&#8243; _builder_version=&#8220;3.0.47&#8243; custom_padding=&#8220;|||&#8220; custom_padding__hover=&#8220;|||&#8220;][et_pb_text admin_label=&#8220;Willkommen&#8220; _builder_version=&#8220;4.6.6&#8243; text_font=&#8220;Comfortaa||||&#8220; text_font_size=&#8220;18&#8243; header_text_color=&#8220;#ffffff&#8220; text_orientation=&#8220;center&#8220; background_layout=&#8220;dark&#8220; module_alignment=&#8220;center&#8220;]<\/p>\n<h3 style=\"text-align: center;\">movimento<\/h3>\n<p style=\"text-align: center;\">Die Hip Hop Tanzschule in Mainz<\/p>\n<p style=\"text-align: center;\"><strong>\u00a0<\/strong><\/p>\n<h3 style=\"text-align: center;\"><a href=\"https:\/\/www.eversports.de\/widget\/w\/AHxLSh\"><span style=\"color: #ccffff;\"><span style=\"color: #ffffff;\"><strong><span style=\"text-decoration: underline;\">PROBETRAINING ONLINE BUCHEN<\/span> <\/strong><\/span><\/span><\/a><\/h3>\n<p>[\/et_pb_text][\/et_pb_column][\/et_pb_row][\/et_pb_section][et_pb_section fb_built=&#8220;1&#8243; fullwidth=&#8220;on&#8220; module_class=&#8220;sb_dci_settings_curved sb_dci_size_120&#8243; _builder_version=&#8220;3.22&#8243; background_color=&#8220;#e09900&#8243;][\/et_pb_section][et_pb_section fb_built=&#8220;1&#8243; _builder_version=&#8220;3.22&#8243;][et_pb_row _builder_version=&#8220;3.25&#8243; background_size=&#8220;initial&#8220; background_position=&#8220;top_left&#8220; background_repeat=&#8220;repeat&#8220;][et_pb_column type=&#8220;4_4&#8243; _builder_version=&#8220;3.0.47&#8243; custom_padding=&#8220;|||&#8220; custom_padding__hover=&#8220;|||&#8220;][et_pb_divider show_divider=&#8220;off&#8220; disabled_on=&#8220;on|on|off&#8220; _builder_version=&#8220;3.2&#8243; height=&#8220;0,5&#8243; hide_on_mobile=&#8220;on&#8220;][\/et_pb_divider][\/et_pb_column][\/et_pb_row][\/et_pb_section][et_pb_section fb_built=&#8220;1&#8243; _builder_version=&#8220;3.22&#8243;][et_pb_row column_structure=&#8220;1_2,1_2&#8243; _builder_version=&#8220;3.25&#8243; background_size=&#8220;initial&#8220; background_position=&#8220;top_left&#8220; background_repeat=&#8220;repeat&#8220;][et_pb_column type=&#8220;1_2&#8243; _builder_version=&#8220;3.0.47&#8243; custom_padding=&#8220;|||&#8220; custom_padding__hover=&#8220;|||&#8220;][et_pb_image src=&#8220;http:\/\/wp.movimento-mainz.de\/wp-content\/uploads\/2025\/01\/Blau-Einfach-Collage-Natur-Monat-Instagram-Post.png&#8220; title_text=&#8220;Blau Einfach Collage Natur Monat Instagram-Post&#8220; _builder_version=&#8220;4.6.6&#8243; _module_preset=&#8220;default&#8220;][\/et_pb_image][et_pb_text _builder_version=&#8220;3.27.4&#8243;]<\/p>\n<p>Du bist Trainer oder Coach und suchst nach tollen R\u00e4umen, in denen Du Deinen Traum von Deinem eigenen Gesch\u00e4ft verwirklichen m\u00f6chtest?<\/p>\n<p>Bei uns gibt es die M\u00f6glichkeit unsere R\u00e4umlichkeiten stundenweise oder gar regelm\u00e4\u00dfig zu mieten.<\/p>\n<p>Schreibe uns eine Mail mit Deinen Vorstellungen oder rufe uns an und wir sprechen pers\u00f6nlich \u00fcber Deine W\u00fcnsche!<\/p>\n<p>Wir freuen uns von Dir zu h\u00f6ren!<\/p>\n<p>[\/et_pb_text][\/et_pb_column][et_pb_column type=&#8220;1_2&#8243; _builder_version=&#8220;3.0.47&#8243; custom_padding=&#8220;|||&#8220; custom_padding__hover=&#8220;|||&#8220;][et_pb_image src=&#8220;http:\/\/wp.movimento-mainz.de\/wp-content\/uploads\/2026\/01\/Beige-Weiss-Elegant-Modern-Ueber-Mich-Instagram-Post.png&#8220; _builder_version=&#8220;4.6.6&#8243; _module_preset=&#8220;default&#8220; title_text=&#8220;Beige Wei\u00df Elegant Modern U\u0308ber Mich Instagram Post&#8220; hover_enabled=&#8220;0&#8243; sticky_enabled=&#8220;0&#8243;][\/et_pb_image][et_pb_text _builder_version=&#8220;3.27.4&#8243;]<\/p>\n<h3 style=\"text-align: center;\"><span style=\"color: #0c71c3;\"><strong>Workshop mit Jule Schirmer<\/strong><\/span><\/h3>\n<h3 style=\"text-align: left;\"><span style=\"caret-color: #212121; color: #212121; font-family: Calibri; font-size: 14.666666984558105px; font-style: normal; font-variant-caps: normal; font-weight: normal; letter-spacing: normal; orphans: auto; text-align: start; text-indent: 0px; text-transform: none; white-space: normal; widows: auto; word-spacing: 0px; -webkit-text-size-adjust: auto; -webkit-text-stroke-width: 0px; text-decoration: none; display: inline !important; float: none;\">\u00a0<\/span><br style=\"caret-color: #212121; color: #212121; font-family: Calibri; font-size: 14.666666984558105px; font-style: normal; font-variant-caps: normal; font-weight: normal; letter-spacing: normal; orphans: auto; text-align: start; text-indent: 0px; text-transform: none; white-space: normal; widows: auto; word-spacing: 0px; -webkit-text-size-adjust: auto; -webkit-text-stroke-width: 0px; text-decoration: none;\" \/><span style=\"caret-color: #212121; color: #212121; font-family: Calibri; font-size: 14.666666984558105px; font-style: normal; font-variant-caps: normal; font-weight: normal; letter-spacing: normal; orphans: auto; text-align: start; text-indent: 0px; text-transform: none; white-space: normal; widows: auto; word-spacing: 0px; -webkit-text-size-adjust: auto; -webkit-text-stroke-width: 0px; text-decoration: none; display: inline !important; float: none;\">Jule ist professionelle T\u00e4nzerin, Choreographin und Performerin. Sie stand mit gro\u00dfen Stars wie Giovanni Zarella, Luca H\u00e4nni oder Sofia Martin auf der B\u00fchne. In Videos von Katja Krasavice, Anna Grey oder Sofia Martin war sie ebenfalls am Start. Den Eurovision Song Contest in der Schweiz und bei der JYSK Show hat Jule als Choreographin mitgearbeitet.<\/span><br style=\"caret-color: #212121; color: #212121; font-family: Calibri; font-size: 14.666666984558105px; font-style: normal; font-variant-caps: normal; font-weight: normal; letter-spacing: normal; orphans: auto; text-align: start; text-indent: 0px; text-transform: none; white-space: normal; widows: auto; word-spacing: 0px; -webkit-text-size-adjust: auto; -webkit-text-stroke-width: 0px; text-decoration: none;\" \/><br style=\"caret-color: #212121; color: #212121; font-family: Calibri; font-size: 14.666666984558105px; font-style: normal; font-variant-caps: normal; font-weight: normal; letter-spacing: normal; orphans: auto; text-align: start; text-indent: 0px; text-transform: none; white-space: normal; widows: auto; word-spacing: 0px; -webkit-text-size-adjust: auto; -webkit-text-stroke-width: 0px; text-decoration: none;\" \/><span style=\"caret-color: #212121; color: #212121; font-family: Calibri; font-size: 14.666666984558105px; font-style: normal; font-variant-caps: normal; font-weight: normal; letter-spacing: normal; orphans: auto; text-align: start; text-indent: 0px; text-transform: none; white-space: normal; widows: auto; word-spacing: 0px; -webkit-text-size-adjust: auto; -webkit-text-stroke-width: 0px; text-decoration: none; display: inline !important; float: none;\">Der Workshop startet am 18.04.2026!<\/span><br style=\"caret-color: #212121; color: #212121; font-family: Calibri; font-size: 14.666666984558105px; font-style: normal; font-variant-caps: normal; font-weight: normal; letter-spacing: normal; orphans: auto; text-align: start; text-indent: 0px; text-transform: none; white-space: normal; widows: auto; word-spacing: 0px; -webkit-text-size-adjust: auto; -webkit-text-stroke-width: 0px; text-decoration: none;\" \/><br style=\"caret-color: #212121; color: #212121; font-family: Calibri; font-size: 14.666666984558105px; font-style: normal; font-variant-caps: normal; font-weight: normal; letter-spacing: normal; orphans: auto; text-align: start; text-indent: 0px; text-transform: none; white-space: normal; widows: auto; word-spacing: 0px; -webkit-text-size-adjust: auto; -webkit-text-stroke-width: 0px; text-decoration: none;\" \/><span style=\"caret-color: #212121; color: #212121; font-family: Calibri; font-size: 14.666666984558105px; font-style: normal; font-variant-caps: normal; font-weight: normal; letter-spacing: normal; orphans: auto; text-align: start; text-indent: 0px; text-transform: none; white-space: normal; widows: auto; word-spacing: 0px; -webkit-text-size-adjust: auto; -webkit-text-stroke-width: 0px; text-decoration: none; display: inline !important; float: none;\">Es erwarten Dich zwei top Classes:<\/span><br style=\"caret-color: #212121; color: #212121; font-family: Calibri; font-size: 14.666666984558105px; font-style: normal; font-variant-caps: normal; font-weight: normal; letter-spacing: normal; orphans: auto; text-align: start; text-indent: 0px; text-transform: none; white-space: normal; widows: auto; word-spacing: 0px; -webkit-text-size-adjust: auto; -webkit-text-stroke-width: 0px; text-decoration: none;\" \/><br style=\"caret-color: #212121; color: #212121; font-family: Calibri; font-size: 14.666666984558105px; font-style: normal; font-variant-caps: normal; font-weight: normal; letter-spacing: normal; orphans: auto; text-align: start; text-indent: 0px; text-transform: none; white-space: normal; widows: auto; word-spacing: 0px; -webkit-text-size-adjust: auto; -webkit-text-stroke-width: 0px; text-decoration: none;\" \/><span style=\"caret-color: #212121; color: #212121; font-family: Calibri; font-size: 14.666666984558105px; font-style: normal; font-variant-caps: normal; font-weight: normal; letter-spacing: normal; orphans: auto; text-align: start; text-indent: 0px; text-transform: none; white-space: normal; widows: auto; word-spacing: 0px; -webkit-text-size-adjust: auto; -webkit-text-stroke-width: 0px; text-decoration: none; display: inline !important; float: none;\">14:00 &#8211; Commercial Beginner: f\u00fcr den Einstieg sehr zu empfehlen. Auch mit etwas Tanzerfahrung kommst Du hier auf Deine Kosten.<\/span><br style=\"caret-color: #212121; color: #212121; font-family: Calibri; font-size: 14.666666984558105px; font-style: normal; font-variant-caps: normal; font-weight: normal; letter-spacing: normal; orphans: auto; text-align: start; text-indent: 0px; text-transform: none; white-space: normal; widows: auto; word-spacing: 0px; -webkit-text-size-adjust: auto; -webkit-text-stroke-width: 0px; text-decoration: none;\" \/><br style=\"caret-color: #212121; color: #212121; font-family: Calibri; font-size: 14.666666984558105px; font-style: normal; font-variant-caps: normal; font-weight: normal; letter-spacing: normal; orphans: auto; text-align: start; text-indent: 0px; text-transform: none; white-space: normal; widows: auto; word-spacing: 0px; -webkit-text-size-adjust: auto; -webkit-text-stroke-width: 0px; text-decoration: none;\" \/><span style=\"caret-color: #212121; color: #212121; font-family: Calibri; font-size: 14.666666984558105px; font-style: normal; font-variant-caps: normal; font-weight: normal; letter-spacing: normal; orphans: auto; text-align: start; text-indent: 0px; text-transform: none; white-space: normal; widows: auto; word-spacing: 0px; -webkit-text-size-adjust: auto; -webkit-text-stroke-width: 0px; text-decoration: none; display: inline !important; float: none;\">15:45 &#8211; Commercial Advanced: f\u00fcr alle, die eine Herausforderung suchen. <\/span><br style=\"caret-color: #212121; color: #212121; font-family: Calibri; font-size: 14.666666984558105px; font-style: normal; font-variant-caps: normal; font-weight: normal; letter-spacing: normal; orphans: auto; text-align: start; text-indent: 0px; text-transform: none; white-space: normal; widows: auto; word-spacing: 0px; -webkit-text-size-adjust: auto; -webkit-text-stroke-width: 0px; text-decoration: none;\" \/><br style=\"caret-color: #212121; color: #212121; font-family: Calibri; font-size: 14.666666984558105px; font-style: normal; font-variant-caps: normal; font-weight: normal; letter-spacing: normal; orphans: auto; text-align: start; text-indent: 0px; text-transform: none; white-space: normal; widows: auto; word-spacing: 0px; -webkit-text-size-adjust: auto; -webkit-text-stroke-width: 0px; text-decoration: none;\" \/><span style=\"caret-color: #212121; color: #212121; font-family: Calibri; font-size: 14.666666984558105px; font-style: normal; font-variant-caps: normal; font-weight: normal; letter-spacing: normal; orphans: auto; text-align: start; text-indent: 0px; text-transform: none; white-space: normal; widows: auto; word-spacing: 0px; -webkit-text-size-adjust: auto; -webkit-text-stroke-width: 0px; text-decoration: none; display: inline !important; float: none;\">Du wirst in jeder Class sehr viel lernen. Jede Class dauert 90min.<\/span><br style=\"caret-color: #212121; color: #212121; font-family: Calibri; font-size: 14.666666984558105px; font-style: normal; font-variant-caps: normal; font-weight: normal; letter-spacing: normal; orphans: auto; text-align: start; text-indent: 0px; text-transform: none; white-space: normal; widows: auto; word-spacing: 0px; -webkit-text-size-adjust: auto; -webkit-text-stroke-width: 0px; text-decoration: none;\" \/><br style=\"caret-color: #212121; color: #212121; font-family: Calibri; font-size: 14.666666984558105px; font-style: normal; font-variant-caps: normal; font-weight: normal; letter-spacing: normal; orphans: auto; text-align: start; text-indent: 0px; text-transform: none; white-space: normal; widows: auto; word-spacing: 0px; -webkit-text-size-adjust: auto; -webkit-text-stroke-width: 0px; text-decoration: none;\" \/><span style=\"caret-color: #212121; color: #212121; font-family: Calibri; font-size: 14.666666984558105px; font-style: normal; font-variant-caps: normal; font-weight: normal; letter-spacing: normal; orphans: auto; text-align: start; text-indent: 0px; text-transform: none; white-space: normal; widows: auto; word-spacing: 0px; -webkit-text-size-adjust: auto; -webkit-text-stroke-width: 0px; text-decoration: none; display: inline !important; float: none;\">1 Class: 25\u20ac<\/span><br style=\"caret-color: #212121; color: #212121; font-family: Calibri; font-size: 14.666666984558105px; font-style: normal; font-variant-caps: normal; font-weight: normal; letter-spacing: normal; orphans: auto; text-align: start; text-indent: 0px; text-transform: none; white-space: normal; widows: auto; word-spacing: 0px; -webkit-text-size-adjust: auto; -webkit-text-stroke-width: 0px; text-decoration: none;\" \/><span style=\"caret-color: #212121; color: #212121; font-family: Calibri; font-size: 14.666666984558105px; font-style: normal; font-variant-caps: normal; font-weight: normal; letter-spacing: normal; orphans: auto; text-align: start; text-indent: 0px; text-transform: none; white-space: normal; widows: auto; word-spacing: 0px; -webkit-text-size-adjust: auto; -webkit-text-stroke-width: 0px; text-decoration: none; display: inline !important; float: none;\">2 Classes: 40\u20ac<\/span><br style=\"caret-color: #212121; color: #212121; font-family: Calibri; font-size: 14.666666984558105px; font-style: normal; font-variant-caps: normal; font-weight: normal; letter-spacing: normal; orphans: auto; text-align: start; text-indent: 0px; text-transform: none; white-space: normal; widows: auto; word-spacing: 0px; -webkit-text-size-adjust: auto; -webkit-text-stroke-width: 0px; text-decoration: none;\" \/><br style=\"caret-color: #212121; color: #212121; font-family: Calibri; font-size: 14.666666984558105px; font-style: normal; font-variant-caps: normal; font-weight: normal; letter-spacing: normal; orphans: auto; text-align: start; text-indent: 0px; text-transform: none; white-space: normal; widows: auto; word-spacing: 0px; -webkit-text-size-adjust: auto; -webkit-text-stroke-width: 0px; text-decoration: none;\" \/><span style=\"caret-color: #212121; color: #212121; font-family: Calibri; font-size: 14.666666984558105px; font-style: normal; font-variant-caps: normal; font-weight: normal; letter-spacing: normal; orphans: auto; text-align: start; text-indent: 0px; text-transform: none; white-space: normal; widows: auto; word-spacing: 0px; -webkit-text-size-adjust: auto; -webkit-text-stroke-width: 0px; text-decoration: none; display: inline !important; float: none;\">Location: movimento &#8211; Mombacher Stra\u00dfe 48 &#8211; 55122 Mainz (\u00fcber Pizza Boy)<\/span><br style=\"caret-color: #212121; color: #212121; font-family: Calibri; font-size: 14.666666984558105px; font-style: normal; font-variant-caps: normal; font-weight: normal; letter-spacing: normal; orphans: auto; text-align: start; text-indent: 0px; text-transform: none; white-space: normal; widows: auto; word-spacing: 0px; -webkit-text-size-adjust: auto; -webkit-text-stroke-width: 0px; text-decoration: none;\" \/><br style=\"caret-color: #212121; color: #212121; font-family: Calibri; font-size: 14.666666984558105px; font-style: normal; font-variant-caps: normal; font-weight: normal; letter-spacing: normal; orphans: auto; text-align: start; text-indent: 0px; text-transform: none; white-space: normal; widows: auto; word-spacing: 0px; -webkit-text-size-adjust: auto; -webkit-text-stroke-width: 0px; text-decoration: none;\" \/><span style=\"caret-color: #212121; color: #212121; font-family: Calibri; font-size: 14.666666984558105px; font-style: normal; font-variant-caps: normal; font-weight: normal; letter-spacing: normal; orphans: auto; text-align: start; text-indent: 0px; text-transform: none; white-space: normal; widows: auto; word-spacing: 0px; -webkit-text-size-adjust: auto; -webkit-text-stroke-width: 0px; text-decoration: none; display: inline !important; float: none;\">Anmeldung \u00fcber <\/span><a href=\"mailto:kontakt@movimento-mainz.de\" class=\"ms-outlook-linkify\" style=\"color: #0078d7 !important; font-family: Calibri; font-size: 14.666666984558105px; font-style: normal; font-variant-caps: normal; font-weight: normal; letter-spacing: normal; orphans: auto; text-align: start; text-indent: 0px; text-transform: none; white-space: normal; widows: auto; word-spacing: 0px; -webkit-text-size-adjust: auto; -webkit-text-stroke-width: 0px;\">kontakt@movimento-mainz.de<\/a><span style=\"caret-color: #212121; color: #212121; font-family: Calibri; font-size: 14.666666984558105px; font-style: normal; font-variant-caps: normal; font-weight: normal; letter-spacing: normal; orphans: auto; text-align: start; text-indent: 0px; text-transform: none; white-space: normal; widows: auto; word-spacing: 0px; -webkit-text-size-adjust: auto; -webkit-text-stroke-width: 0px; text-decoration: none; display: inline !important; float: none;\"> oder \u00fcber unsere Kursbuchung!<\/span><\/h3>\n<p><span style=\"color: #0c71c3;\"><strong><\/strong><\/span><\/p>\n<p>&nbsp;<\/p>\n<p>&nbsp;<\/p>\n<p>[\/et_pb_text][et_pb_text _builder_version=&#8220;3.27.4&#8243;]<\/p>\n<h3 style=\"text-align: center;\"><span style=\"color: #0c71c3;\"><strong>Neuer Kurs: Contemporary f\u00fcr Einsteiger<\/strong><\/span><\/h3>\n<p><span style=\"color: #0c71c3;\"><strong><\/strong><\/span><\/p>\n<p>Immer Freitags 20:00-21:00 findet unser neuer Kurs Contemporary f\u00fcr Einsteiger mit Ina statt.<\/p>\n<p>Dein Probetraining buchst Du einfach und bequem \u00fcber unsere Homepage!<\/p>\n<p>&nbsp;<\/p>\n<p>&nbsp;<\/p>\n<p>[\/et_pb_text][et_pb_text _builder_version=&#8220;3.27.4&#8243;]<\/p>\n<h3 style=\"text-align: center;\"><span style=\"color: #0c71c3;\"><strong>Neuer Kurs: Open Class<\/strong><\/span><\/h3>\n<p><span style=\"color: #0c71c3;\"><strong><\/strong><\/span><\/p>\n<p><span style=\"color: #0c71c3;\"><strong><\/strong><\/span><\/p>\n<p>Du m\u00f6chtest unterschiedliche Stile kennen? Du bist offen von unterschiedlichen Lehrern zu lernen? Dann ist die Open Class genau das richtige f\u00fcr Dich. Lerne unterschiedliche Stile wie Hip Hop, Commercial, House, Popping, Locking, Wacking, etc. kennen.\u00a0<\/p>\n<p>Wann ist der Kurs? Freitags um 17:30<\/p>\n<p>Welcher Stil wird unterrichtet? Folge uns auf Instagram um zu erfahren was aktuell in der Class unterrichtet wird.<\/p>\n<p>&nbsp;<\/p>\n<p>[\/et_pb_text][et_pb_text _builder_version=&#8220;4.6.6&#8243; _module_preset=&#8220;default&#8220;]<\/p>\n<p><strong>Schliessungszeiten movimento<\/strong><\/p>\n<p>Fastnacht: Rosenmontag und Fastnachtsdienstag\u00a0<\/p>\n<p>Osterpause: 30.03.2026 bis 06.04.2026<\/p>\n<p>Tag der Arbeit: 01.05.2026<\/p>\n<p>Christi-Himmelfahrt: 14.05.2026<\/p>\n<p>Pfingsmontag: 25.05.2026<\/p>\n<p>Sommerpause: 29.06.2026 bis 31.07.2026<\/p>\n<p>&nbsp;<\/p>\n<p>[\/et_pb_text][\/et_pb_column][\/et_pb_row][\/et_pb_section][et_pb_section fb_built=&#8220;1&#8243; _builder_version=&#8220;3.22&#8243;][et_pb_row _builder_version=&#8220;3.25&#8243; background_size=&#8220;initial&#8220; background_position=&#8220;top_left&#8220; background_repeat=&#8220;repeat&#8220;][et_pb_column type=&#8220;4_4&#8243; _builder_version=&#8220;3.0.47&#8243; custom_padding=&#8220;|||&#8220; custom_padding__hover=&#8220;|||&#8220;][et_pb_blurb title=&#8220;Der Weg zu uns&#8220; image_max_width=&#8220;none&#8220; _builder_version=&#8220;3.0.87&#8243; header_font=&#8220;Comfortaa||||&#8220; header_font_size=&#8220;24&#8243; text_orientation=&#8220;center&#8220; border_style=&#8220;solid&#8220;][\/et_pb_blurb][et_pb_map address=&#8220;Mombacher Str. 48, 55122 Mainz, Deutschland&#8220; zoom_level=&#8220;20&#8243; address_lat=&#8220;50.009187&#8243; address_lng=&#8220;8.2462037&#8243; mouse_wheel=&#8220;off&#8220; _builder_version=&#8220;4.6.6&#8243;][et_pb_map_pin title=&#8220;Der Weg zu uns&#8220; pin_address=&#8220;Mombacher Str. 48, 55122 Mainz, Deutschland&#8220; pin_address_lat=&#8220;50.01092449999999&#8243; pin_address_lng=&#8220;8.243801599999983&#8243; _builder_version=&#8220;4.6.6&#8243;][\/et_pb_map_pin][\/et_pb_map][\/et_pb_column][\/et_pb_row][et_pb_row _builder_version=&#8220;3.25&#8243; background_size=&#8220;initial&#8220; background_position=&#8220;top_left&#8220; background_repeat=&#8220;repeat&#8220;][\/et_pb_row][\/et_pb_section][et_pb_section fb_built=&#8220;1&#8243; module_class=&#8220;sb_dci_size_100&#8243; _builder_version=&#8220;3.22&#8243; background_color=&#8220;#09469b&#8220;][et_pb_row _builder_version=&#8220;3.25&#8243; background_color=&#8220;#09469b&#8220;][et_pb_column type=&#8220;4_4&#8243; _builder_version=&#8220;3.0.47&#8243; background_color=&#8220;#09469b&#8220; custom_padding=&#8220;|||&#8220; custom_padding__hover=&#8220;|||&#8220;][et_pb_text _builder_version=&#8220;4.6.6&#8243; text_font=&#8220;Comfortaa||||||||&#8220; background_color=&#8220;#09469b&#8220; background_layout=&#8220;dark&#8220;]<\/p>\n<h4 style=\"text-align: center;\">Movimento Mainz<\/h4>\n<p style=\"text-align: center;\">Mombacher Strasse 48,\u00a055121 Mainz | \u00a0Telefon 017684508936\u00a0 | \u00a0kontakt@movimento-mainz.de<\/p>\n<p>[\/et_pb_text][\/et_pb_column][\/et_pb_row][\/et_pb_section]<\/p>\n","protected":false},"excerpt":{"rendered":"<p>[et_pb_section fb_built=&#8220;1&#8243; fullwidth=&#8220;on&#8220; _builder_version=&#8220;3.22&#8243;][et_pb_fullwidth_image src=&#8220;http:\/\/wp.movimento-mainz.de\/wp-content\/uploads\/2017\/12\/20170409-DSC_9170.jpg&#8220; admin_label=&#8220;Titelbild&#8220; _builder_version=&#8220;3.0.87&#8243; border_style=&#8220;solid&#8220; animation=&#8220;off&#8220;][\/et_pb_fullwidth_image][\/et_pb_section][et_pb_section fb_built=&#8220;1&#8243; inner_shadow=&#8220;on&#8220; module_class=&#8220;sb_dci_settings_curved sb_dci_size_100&#8243; _builder_version=&#8220;3.22&#8243; background_color=&#8220;#e09900&#8243;][et_pb_row _builder_version=&#8220;3.25&#8243; background_size=&#8220;initial&#8220; background_position=&#8220;top_left&#8220; background_repeat=&#8220;repeat&#8220;][et_pb_column type=&#8220;4_4&#8243; _builder_version=&#8220;3.0.47&#8243; custom_padding=&#8220;|||&#8220; custom_padding__hover=&#8220;|||&#8220;][et_pb_text admin_label=&#8220;Willkommen&#8220; _builder_version=&#8220;4.6.6&#8243; text_font=&#8220;Comfortaa||||&#8220; text_font_size=&#8220;18&#8243; header_text_color=&#8220;#ffffff&#8220; text_orientation=&#8220;center&#8220; background_layout=&#8220;dark&#8220; module_alignment=&#8220;center&#8220;] movimento Die Hip Hop Tanzschule in Mainz \u00a0 PROBETRAINING ONLINE BUCHEN [\/et_pb_text][\/et_pb_column][\/et_pb_row][\/et_pb_section][et_pb_section fb_built=&#8220;1&#8243; fullwidth=&#8220;on&#8220; module_class=&#8220;sb_dci_settings_curved sb_dci_size_120&#8243; _builder_version=&#8220;3.22&#8243; background_color=&#8220;#e09900&#8243;][\/et_pb_section][et_pb_section fb_built=&#8220;1&#8243; _builder_version=&#8220;3.22&#8243;][et_pb_row _builder_version=&#8220;3.25&#8243; background_size=&#8220;initial&#8220; background_position=&#8220;top_left&#8220; background_repeat=&#8220;repeat&#8220;][et_pb_column [&hellip;]<\/p>\n","protected":false},"author":1,"featured_media":0,"parent":0,"menu_order":0,"comment_status":"closed","ping_status":"open","template":"","meta":{"_et_pb_use_builder":"on","_et_pb_old_content":"<p>Dies ist ein Beispiel einer statischen Seite. Du kannst sie bearbeiten und beispielsweise Infos \u00fcber dich oder deine Website eingeben, damit die Leser wissen, woher du kommst und was du machst.<\/p><p>Du kannst entweder beliebig viele Hauptseiten (wie diese hier) anlegen \u2013 oder auch Unterseiten, die sich in der Hierachiestruktur den Hauptseiten unterordnen. Du kannst diese alle innerhalb von WordPress \u00e4ndern und verwalten.<\/p><p>Als stolzer Besitzer einer neuen WordPress-Seite solltest du jetzt zur \u00dcbersichtsseite, dem <a href=\"http:\/\/wp.movimento-mainz.de\/wp-admin\/\">Dashboard<\/a> gehen, diese Seite hier l\u00f6schen und damit loslegen, eigene Inhalte zu erstellen. Viel Spa\u00df!<\/p>","_et_gb_content_width":"","footnotes":""},"class_list":["post-2","page","type-page","status-publish","hentry"],"_links":{"self":[{"href":"https:\/\/wp.movimento-mainz.de\/index.php?rest_route=\/wp\/v2\/pages\/2","targetHints":{"allow":["GET"]}}],"collection":[{"href":"https:\/\/wp.movimento-mainz.de\/index.php?rest_route=\/wp\/v2\/pages"}],"about":[{"href":"https:\/\/wp.movimento-mainz.de\/index.php?rest_route=\/wp\/v2\/types\/page"}],"author":[{"embeddable":true,"href":"https:\/\/wp.movimento-mainz.de\/index.php?rest_route=\/wp\/v2\/users\/1"}],"replies":[{"embeddable":true,"href":"https:\/\/wp.movimento-mainz.de\/index.php?rest_route=%2Fwp%2Fv2%2Fcomments&post=2"}],"version-history":[{"count":251,"href":"https:\/\/wp.movimento-mainz.de\/index.php?rest_route=\/wp\/v2\/pages\/2\/revisions"}],"predecessor-version":[{"id":1700,"href":"https:\/\/wp.movimento-mainz.de\/index.php?rest_route=\/wp\/v2\/pages\/2\/revisions\/1700"}],"wp:attachment":[{"href":"https:\/\/wp.movimento-mainz.de\/index.php?rest_route=%2Fwp%2Fv2%2Fmedia&parent=2"}],"curies":[{"name":"wp","href":"https:\/\/api.w.org\/{rel}","templated":true}]}}