{"id":320,"date":"2017-08-30T10:39:10","date_gmt":"2017-08-30T08:39:10","guid":{"rendered":"http:\/\/wp.movimento-mainz.de\/?page_id=320"},"modified":"2024-12-25T11:33:55","modified_gmt":"2024-12-25T10:33:55","slug":"unsere-schule","status":"publish","type":"page","link":"https:\/\/wp.movimento-mainz.de\/?page_id=320","title":{"rendered":"unsere Schule"},"content":{"rendered":"<p>[et_pb_section fb_built=&#8220;1&#8243; fullwidth=&#8220;on&#8220; _builder_version=&#8220;3.22&#8243;][et_pb_fullwidth_image src=&#8220;http:\/\/wp.movimento-mainz.de\/wp-content\/uploads\/2017\/12\/20170409-DSC_9170.jpg&#8220; admin_label=&#8220;Titelbild&#8220; _builder_version=&#8220;3.0.92&#8243;][\/et_pb_fullwidth_image][\/et_pb_section][et_pb_section fb_built=&#8220;1&#8243; inner_shadow=&#8220;on&#8220; module_class=&#8220;sb_dci_settings_curved sb_dci_size_100&#8243; _builder_version=&#8220;3.22&#8243; background_color=&#8220;#e09900&#8243;][et_pb_row _builder_version=&#8220;3.25&#8243; background_size=&#8220;initial&#8220; background_position=&#8220;top_left&#8220; background_repeat=&#8220;repeat&#8220;][et_pb_column type=&#8220;4_4&#8243; _builder_version=&#8220;3.25&#8243; custom_padding=&#8220;|||&#8220; custom_padding__hover=&#8220;|||&#8220;][et_pb_text _builder_version=&#8220;3.27.4&#8243; text_font=&#8220;Comfortaa||||&#8220; text_font_size=&#8220;18&#8243; header_text_color=&#8220;#ffffff&#8220; text_orientation=&#8220;center&#8220; background_layout=&#8220;dark&#8220; module_alignment=&#8220;center&#8220; border_style=&#8220;solid&#8220;]<\/p>\n<h3 style=\"text-align: center;\"><strong>Unsere Schule<br \/>\n<\/strong><\/h3>\n<p>[\/et_pb_text][\/et_pb_column][\/et_pb_row][\/et_pb_section][et_pb_section fb_built=&#8220;1&#8243; _builder_version=&#8220;3.22&#8243;][et_pb_row _builder_version=&#8220;3.25&#8243; background_size=&#8220;initial&#8220; background_position=&#8220;top_left&#8220; background_repeat=&#8220;repeat&#8220;][et_pb_column type=&#8220;4_4&#8243; _builder_version=&#8220;3.25&#8243; custom_padding=&#8220;|||&#8220; custom_padding__hover=&#8220;|||&#8220;][et_pb_divider show_divider=&#8220;off&#8220; disabled_on=&#8220;on|on|off&#8220; _builder_version=&#8220;3.2&#8243;][\/et_pb_divider][\/et_pb_column][\/et_pb_row][\/et_pb_section][et_pb_section fb_built=&#8220;1&#8243; module_class=&#8220;sb_dci_size_100&#8243; _builder_version=&#8220;3.22&#8243; background_color=&#8220;#ffffff&#8220;][et_pb_row column_structure=&#8220;1_2,1_2&#8243; _builder_version=&#8220;3.25&#8243; background_size=&#8220;initial&#8220; background_position=&#8220;top_left&#8220; background_repeat=&#8220;repeat&#8220;][et_pb_column type=&#8220;1_2&#8243; _builder_version=&#8220;3.25&#8243; custom_padding=&#8220;|||&#8220; custom_padding__hover=&#8220;|||&#8220;][et_pb_image src=&#8220;http:\/\/wp.movimento-mainz.de\/wp-content\/uploads\/2017\/08\/raum1.jpg&#8220; align_tablet=&#8220;center&#8220; align_phone=&#8220;&#8220; align_last_edited=&#8220;on|desktop&#8220; admin_label=&#8220;Raum 1&#8243; _builder_version=&#8220;3.23&#8243; border_style=&#8220;solid&#8220; sticky=&#8220;off&#8220; always_center_on_mobile=&#8220;on&#8220;][\/et_pb_image][\/et_pb_column][et_pb_column type=&#8220;1_2&#8243; _builder_version=&#8220;3.25&#8243; custom_padding=&#8220;|||&#8220; custom_padding__hover=&#8220;|||&#8220;][et_pb_text _builder_version=&#8220;3.27.4&#8243;]<\/p>\n<p>Das movimento ist eine Schule f\u00fcr kreativen Kindertanz, Hip Hop, Modern Dance und orientalischen Tanz. Unsere Kurse werden von professionell ausgebildeten Lehrern geleitet. Mit viel Liebe, Geduld und Engagement unserer Lehrer kann hier jeder tanzen lernen.<\/p>\n<p>Tanzen ist ein sehr wichtiger Aspekt, welcher viele positive Auswirkungen auf die Entwicklung hat. Unser Ziel ist es die Entwicklung unserer Teilnehmer, egal ob gro\u00df oder klein, zu f\u00f6rdern.<\/p>\n<p>Wir unterst\u00fctzen Euch bei Euren Zielen, bei Euren W\u00fcnschen und m\u00f6chten Euch bei Eurem Lebensweg begleiten.<\/p>\n<p>Vereinbaren Sie mit uns einen Termin zum Probetraining: kontakt@movimento-mainz.de<\/p>\n<p>WIR FREUEN UNS AUCH EUCH!<\/p>\n<p>&nbsp;<\/p>\n<p>[\/et_pb_text][\/et_pb_column][\/et_pb_row][\/et_pb_section][et_pb_section fb_built=&#8220;1&#8243; module_class=&#8220;sb_dci_size_100&#8243; _builder_version=&#8220;3.22&#8243; background_color=&#8220;#ffffff&#8220;][et_pb_row column_structure=&#8220;1_3,1_3,1_3&#8243; _builder_version=&#8220;3.25&#8243; background_size=&#8220;initial&#8220; background_position=&#8220;top_left&#8220; background_repeat=&#8220;repeat&#8220;][et_pb_column type=&#8220;1_3&#8243; _builder_version=&#8220;3.25&#8243; custom_padding=&#8220;|||&#8220; custom_padding__hover=&#8220;|||&#8220;][et_pb_text _builder_version=&#8220;4.6.6&#8243; _module_preset=&#8220;default&#8220;]<\/p>\n<p style=\"text-align: center;\"><span style=\"color: #00ccff;\"><strong>Verbesserung der k\u00f6rperlichen und mentalen F\u00e4higkeiten<\/strong><\/span><\/p>\n<p style=\"text-align: center;\"><span style=\"color: #00ccff;\"><strong><\/strong><\/span><\/p>\n<p style=\"text-align: left;\"><span style=\"color: #000000;\"><strong>Tanzen verbessert nicht nur Deine k\u00f6rperliche Fitness. Durch das Erlernen von Schrittabfolgen und neuen Bewegungen wird Dein Geist positiv geformt und gest\u00e4rkt. Deine Konzentration und Dein Ged\u00e4chtnis wird durch das Tanzen deutlich verbessert.<\/strong><\/span><\/p>\n<p>[\/et_pb_text][\/et_pb_column][et_pb_column type=&#8220;1_3&#8243; _builder_version=&#8220;3.25&#8243; custom_padding=&#8220;|||&#8220; custom_padding__hover=&#8220;|||&#8220;][et_pb_text _builder_version=&#8220;4.6.6&#8243; _module_preset=&#8220;default&#8220;]<\/p>\n<p style=\"text-align: center;\"><span style=\"color: #00ccff;\"><strong>St\u00e4rkung des Selbstwertgef\u00fchles und des Selbstbewu\u00dftseins<br \/><\/strong><\/span><\/p>\n<p style=\"text-align: center;\"><span style=\"color: #00ccff;\"><strong><\/strong><\/span><\/p>\n<p style=\"text-align: left;\"><span style=\"color: #000000;\"><strong>Tanzen hilft Dir dabei die Bewegungsm\u00f6glichkeiten Deines K\u00f6rpers besser zu verstehen. Durch die gest\u00e4rkte Wahrnehmung Deines K\u00f6rpers wird auch gleichzeitig Dein Selbstbewu\u00dftsein gest\u00e4rkt.<br \/><\/strong><\/span><\/p>\n<p>[\/et_pb_text][et_pb_text _builder_version=&#8220;3.27.4&#8243;]<\/p>\n<p>&nbsp;<\/p>\n<p>&nbsp;<\/p>\n<p>[\/et_pb_text][\/et_pb_column][et_pb_column type=&#8220;1_3&#8243; _builder_version=&#8220;3.25&#8243; custom_padding=&#8220;|||&#8220; custom_padding__hover=&#8220;|||&#8220;][et_pb_text _builder_version=&#8220;4.6.6&#8243; _module_preset=&#8220;default&#8220;]<\/p>\n<p style=\"text-align: center;\"><span style=\"color: #00ccff;\"><strong>Verbesserung der sozialen Kompetenzen und Entstehung neuer Freundschaften<br \/><\/strong><\/span><\/p>\n<p style=\"text-align: center;\"><span style=\"color: #00ccff;\"><strong><\/strong><\/span><\/p>\n<p style=\"text-align: left;\"><span style=\"color: #000000;\"><strong>In unserem Gruppentraining arbeiten unsere Teilnehmer miteinander. Sie wachsen gemeinsam. Du wirst zu einem wichtigen Teil in unseren Gruppen. Lerne gemeinsam mit anderen neue Sachen und kn\u00fcpfe neue Tanzfreundschaften. So k\u00f6nnen wir alle gemeinsam wachsen.<br \/><\/strong><\/span><\/p>\n<p>[\/et_pb_text][\/et_pb_column][\/et_pb_row][\/et_pb_section][et_pb_section fb_built=&#8220;1&#8243; _builder_version=&#8220;3.22&#8243;][et_pb_row _builder_version=&#8220;3.25&#8243; background_size=&#8220;initial&#8220; background_position=&#8220;top_left&#8220; background_repeat=&#8220;repeat&#8220;][et_pb_column type=&#8220;4_4&#8243; _builder_version=&#8220;3.25&#8243; custom_padding=&#8220;|||&#8220; custom_padding__hover=&#8220;|||&#8220;][et_pb_divider show_divider=&#8220;off&#8220; disabled_on=&#8220;on|on|off&#8220; _builder_version=&#8220;3.2&#8243;][\/et_pb_divider][\/et_pb_column][\/et_pb_row][\/et_pb_section][et_pb_section fb_built=&#8220;1&#8243; admin_label=&#8220;section&#8220; module_class=&#8220;sb_dci_size_100&#8243; _builder_version=&#8220;3.22&#8243; background_color=&#8220;#09469b&#8220;][et_pb_row admin_label=&#8220;row&#8220; _builder_version=&#8220;3.25&#8243; background_color=&#8220;#09469b&#8220;][et_pb_column type=&#8220;4_4&#8243; _builder_version=&#8220;3.25&#8243; background_color=&#8220;#09469b&#8220; custom_padding=&#8220;|||&#8220; custom_padding__hover=&#8220;|||&#8220;][et_pb_text _builder_version=&#8220;4.6.6&#8243; text_font=&#8220;Comfortaa||||&#8220; background_color=&#8220;#09469b&#8220; background_layout=&#8220;dark&#8220; hover_enabled=&#8220;0&#8243; sticky_enabled=&#8220;0&#8243;]<\/p>\n<h4 style=\"text-align: center;\"><span style=\"font-size: medium;\">Movimento Mainz<\/span><\/h4>\n<p style=\"text-align: center;\"><span style=\"font-size: 14px;\">Mombacher Strasse 48,\u00a055121 Mainz | \u00a0Telefon 017684508936\u00a0 | \u00a0kontakt@movimento-mainz.de<\/span><\/p>\n<p>[\/et_pb_text][\/et_pb_column][\/et_pb_row][\/et_pb_section]<\/p>\n","protected":false},"excerpt":{"rendered":"<p>[et_pb_section fb_built=&#8220;1&#8243; fullwidth=&#8220;on&#8220; _builder_version=&#8220;3.22&#8243;][et_pb_fullwidth_image src=&#8220;http:\/\/wp.movimento-mainz.de\/wp-content\/uploads\/2017\/12\/20170409-DSC_9170.jpg&#8220; admin_label=&#8220;Titelbild&#8220; _builder_version=&#8220;3.0.92&#8243;][\/et_pb_fullwidth_image][\/et_pb_section][et_pb_section fb_built=&#8220;1&#8243; inner_shadow=&#8220;on&#8220; module_class=&#8220;sb_dci_settings_curved sb_dci_size_100&#8243; _builder_version=&#8220;3.22&#8243; background_color=&#8220;#e09900&#8243;][et_pb_row _builder_version=&#8220;3.25&#8243; background_size=&#8220;initial&#8220; background_position=&#8220;top_left&#8220; background_repeat=&#8220;repeat&#8220;][et_pb_column type=&#8220;4_4&#8243; _builder_version=&#8220;3.25&#8243; custom_padding=&#8220;|||&#8220; custom_padding__hover=&#8220;|||&#8220;][et_pb_text _builder_version=&#8220;3.27.4&#8243; text_font=&#8220;Comfortaa||||&#8220; text_font_size=&#8220;18&#8243; header_text_color=&#8220;#ffffff&#8220; text_orientation=&#8220;center&#8220; background_layout=&#8220;dark&#8220; module_alignment=&#8220;center&#8220; border_style=&#8220;solid&#8220;] Unsere Schule [\/et_pb_text][\/et_pb_column][\/et_pb_row][\/et_pb_section][et_pb_section fb_built=&#8220;1&#8243; _builder_version=&#8220;3.22&#8243;][et_pb_row _builder_version=&#8220;3.25&#8243; background_size=&#8220;initial&#8220; background_position=&#8220;top_left&#8220; background_repeat=&#8220;repeat&#8220;][et_pb_column type=&#8220;4_4&#8243; _builder_version=&#8220;3.25&#8243; custom_padding=&#8220;|||&#8220; custom_padding__hover=&#8220;|||&#8220;][et_pb_divider show_divider=&#8220;off&#8220; disabled_on=&#8220;on|on|off&#8220; _builder_version=&#8220;3.2&#8243;][\/et_pb_divider][\/et_pb_column][\/et_pb_row][\/et_pb_section][et_pb_section fb_built=&#8220;1&#8243; module_class=&#8220;sb_dci_size_100&#8243; _builder_version=&#8220;3.22&#8243; background_color=&#8220;#ffffff&#8220;][et_pb_row column_structure=&#8220;1_2,1_2&#8243; _builder_version=&#8220;3.25&#8243; background_size=&#8220;initial&#8220; background_position=&#8220;top_left&#8220; background_repeat=&#8220;repeat&#8220;][et_pb_column type=&#8220;1_2&#8243; [&hellip;]<\/p>\n","protected":false},"author":1,"featured_media":0,"parent":0,"menu_order":0,"comment_status":"closed","ping_status":"closed","template":"","meta":{"_et_pb_use_builder":"on","_et_pb_old_content":"","_et_gb_content_width":"","footnotes":""},"class_list":["post-320","page","type-page","status-publish","hentry"],"_links":{"self":[{"href":"https:\/\/wp.movimento-mainz.de\/index.php?rest_route=\/wp\/v2\/pages\/320","targetHints":{"allow":["GET"]}}],"collection":[{"href":"https:\/\/wp.movimento-mainz.de\/index.php?rest_route=\/wp\/v2\/pages"}],"about":[{"href":"https:\/\/wp.movimento-mainz.de\/index.php?rest_route=\/wp\/v2\/types\/page"}],"author":[{"embeddable":true,"href":"https:\/\/wp.movimento-mainz.de\/index.php?rest_route=\/wp\/v2\/users\/1"}],"replies":[{"embeddable":true,"href":"https:\/\/wp.movimento-mainz.de\/index.php?rest_route=%2Fwp%2Fv2%2Fcomments&post=320"}],"version-history":[{"count":26,"href":"https:\/\/wp.movimento-mainz.de\/index.php?rest_route=\/wp\/v2\/pages\/320\/revisions"}],"predecessor-version":[{"id":1542,"href":"https:\/\/wp.movimento-mainz.de\/index.php?rest_route=\/wp\/v2\/pages\/320\/revisions\/1542"}],"wp:attachment":[{"href":"https:\/\/wp.movimento-mainz.de\/index.php?rest_route=%2Fwp%2Fv2%2Fmedia&parent=320"}],"curies":[{"name":"wp","href":"https:\/\/api.w.org\/{rel}","templated":true}]}}