{"id":322,"date":"2017-08-30T10:41:45","date_gmt":"2017-08-30T08:41:45","guid":{"rendered":"http:\/\/wp.movimento-mainz.de\/?page_id=322"},"modified":"2025-10-27T12:13:46","modified_gmt":"2025-10-27T11:13:46","slug":"team","status":"publish","type":"page","link":"https:\/\/wp.movimento-mainz.de\/?page_id=322","title":{"rendered":"team"},"content":{"rendered":"<p>[et_pb_section fb_built=&#8220;1&#8243; fullwidth=&#8220;on&#8220; _builder_version=&#8220;3.22&#8243;][et_pb_fullwidth_image src=&#8220;http:\/\/wp.movimento-mainz.de\/wp-content\/uploads\/2017\/06\/20170409-DSC_9374_1920x600.jpg&#8220; admin_label=&#8220;Titelbild&#8220; _builder_version=&#8220;3.0.92&#8243;][\/et_pb_fullwidth_image][\/et_pb_section][et_pb_section fb_built=&#8220;1&#8243; module_class=&#8220;sb_dci_settings_curved sb_dci_size_100&#8243; _builder_version=&#8220;3.22&#8243; background_color=&#8220;#e09900&#8243;][et_pb_row _builder_version=&#8220;3.25&#8243; background_size=&#8220;initial&#8220; background_position=&#8220;top_left&#8220; background_repeat=&#8220;repeat&#8220;][et_pb_column type=&#8220;4_4&#8243; _builder_version=&#8220;3.25&#8243; custom_padding=&#8220;|||&#8220; custom_padding__hover=&#8220;|||&#8220;][et_pb_text _builder_version=&#8220;3.27.4&#8243; text_font=&#8220;Comfortaa||||&#8220; text_font_size=&#8220;18&#8243; header_text_color=&#8220;#ffffff&#8220; text_orientation=&#8220;center&#8220; background_layout=&#8220;dark&#8220; module_alignment=&#8220;center&#8220; border_style=&#8220;solid&#8220;]<\/p>\n<h3 style=\"text-align: center;\">Unser Team<\/h3>\n<p style=\"text-align: center;\">\n<p>[\/et_pb_text][\/et_pb_column][\/et_pb_row][\/et_pb_section][et_pb_section fb_built=&#8220;1&#8243; fullwidth=&#8220;on&#8220; module_class=&#8220;sb_dci_settings_curved sb_dci_size_100&#8243; _builder_version=&#8220;3.22&#8243; background_color=&#8220;#e09900&#8243;][\/et_pb_section][et_pb_section fb_built=&#8220;1&#8243; module_class=&#8220;sb_dci_size_100&#8243; _builder_version=&#8220;3.22&#8243; custom_padding=&#8220;-150px|||&#8220;][et_pb_row _builder_version=&#8220;3.25&#8243; background_size=&#8220;initial&#8220; background_position=&#8220;top_left&#8220; background_repeat=&#8220;repeat&#8220;][et_pb_column type=&#8220;4_4&#8243; _builder_version=&#8220;3.25&#8243; custom_padding=&#8220;|||&#8220; custom_padding__hover=&#8220;|||&#8220;][et_pb_blurb admin_label=&#8220;Team&#8220; _builder_version=&#8220;3.0.92&#8243; header_text_color=&#8220;#e09900&#8243; text_orientation=&#8220;center&#8220; border_style=&#8220;solid&#8220;][\/et_pb_blurb][\/et_pb_column][\/et_pb_row][\/et_pb_section][et_pb_section fb_built=&#8220;1&#8243; module_class=&#8220;sb_dci_size_100&#8243; _builder_version=&#8220;3.22&#8243; custom_padding=&#8220;0px|||&#8220;][et_pb_row column_structure=&#8220;1_2,1_2&#8243; _builder_version=&#8220;3.25&#8243; background_size=&#8220;initial&#8220; background_position=&#8220;top_left&#8220; background_repeat=&#8220;repeat&#8220;][et_pb_column type=&#8220;1_2&#8243; _builder_version=&#8220;3.25&#8243; background_position=&#8220;top_left&#8220; custom_padding=&#8220;0px|0px|0px|0px&#8220; custom_padding__hover=&#8220;|||&#8220;][et_pb_image src=&#8220;http:\/\/wp.movimento-mainz.de\/wp-content\/uploads\/2017\/06\/20170409-DSC_9502_800-1.jpg&#8220; alt=&#8220;Marcus Scherf&#8220; title_text=&#8220;Marcus Scherf&#8220; url=&#8220;http:\/\/wp.movimento-mainz.de\/marcus-scherf\/&#8220; use_overlay=&#8220;on&#8220; hover_overlay_color=&#8220;rgba(0,0,0,0.28)&#8220; align=&#8220;center&#8220; align_tablet=&#8220;center&#8220; align_phone=&#8220;&#8220; align_last_edited=&#8220;on|desktop&#8220; admin_label=&#8220;marcus scherf&#8220; _builder_version=&#8220;4.6.6&#8243; width=&#8220;80%&#8220; max_width=&#8220;100%&#8220; custom_padding=&#8220;||0px|||&#8220; animation_direction=&#8220;off&#8220; animation=&#8220;off&#8220;][\/et_pb_image][et_pb_image src=&#8220;http:\/\/wp.movimento-mainz.de\/wp-content\/uploads\/2017\/06\/20170409-DSC_9484_800-1.jpg&#8220; alt=&#8220;Annika Baldamus&#8220; title_text=&#8220;Annika Baldamus&#8220; url=&#8220;http:\/\/wp.movimento-mainz.de\/annika-baldamus\/&#8220; use_overlay=&#8220;on&#8220; hover_overlay_color=&#8220;rgba(0,0,0,0.28)&#8220; align=&#8220;center&#8220; align_tablet=&#8220;center&#8220; align_phone=&#8220;&#8220; align_last_edited=&#8220;on|desktop&#8220; admin_label=&#8220;Annika Baldamus&#8220; _builder_version=&#8220;4.6.6&#8243; width=&#8220;80%&#8220; animation_direction=&#8220;off&#8220; animation=&#8220;off&#8220;][\/et_pb_image][et_pb_image src=&#8220;http:\/\/wp.movimento-mainz.de\/wp-content\/uploads\/2024\/04\/Unbenannt.jpg&#8220; alt=&#8220;Ailyn Ulloa-Andrade&#8220; title_text=&#8220;Unbenannt&#8220; url=&#8220;http:\/\/wp.movimento-mainz.de\/ailyn-ulloa-andrade\/&#8220; use_overlay=&#8220;on&#8220; hover_overlay_color=&#8220;rgba(0,0,0,0.28)&#8220; align=&#8220;center&#8220; align_tablet=&#8220;center&#8220; align_phone=&#8220;&#8220; align_last_edited=&#8220;on|desktop&#8220; admin_label=&#8220;Ina Veit&#8220; _builder_version=&#8220;4.6.6&#8243; width=&#8220;80%&#8220; always_center_on_mobile=&#8220;on&#8220;][\/et_pb_image][et_pb_image src=&#8220;http:\/\/wp.movimento-mainz.de\/wp-content\/uploads\/2025\/01\/IMG_0974.jpg&#8220; alt=&#8220;Ailyn Ulloa-Andrade&#8220; title_text=&#8220;Screenshot&#8220; url=&#8220;http:\/\/wp.movimento-mainz.de\/ailyn-ulloa-andrade\/&#8220; use_overlay=&#8220;on&#8220; hover_overlay_color=&#8220;rgba(0,0,0,0.28)&#8220; align=&#8220;center&#8220; align_tablet=&#8220;center&#8220; align_phone=&#8220;&#8220; align_last_edited=&#8220;on|desktop&#8220; admin_label=&#8220;Ina Veit&#8220; _builder_version=&#8220;4.6.6&#8243; width=&#8220;80%&#8220; always_center_on_mobile=&#8220;on&#8220;][\/et_pb_image][et_pb_image src=&#8220;http:\/\/wp.movimento-mainz.de\/wp-content\/uploads\/2025\/02\/00655F39-EE39-4318-985C-B31F55AF8C22-scaled.jpeg&#8220; alt=&#8220;Ailyn Ulloa-Andrade&#8220; title_text=&#8220;00655F39-EE39-4318-985C-B31F55AF8C22&#8243; url=&#8220;http:\/\/wp.movimento-mainz.de\/ailyn-ulloa-andrade\/&#8220; use_overlay=&#8220;on&#8220; hover_overlay_color=&#8220;rgba(0,0,0,0.28)&#8220; align=&#8220;center&#8220; align_tablet=&#8220;center&#8220; align_phone=&#8220;&#8220; align_last_edited=&#8220;on|desktop&#8220; admin_label=&#8220;Ina Veit&#8220; _builder_version=&#8220;4.6.6&#8243; width=&#8220;80%&#8220; always_center_on_mobile=&#8220;on&#8220;][\/et_pb_image][et_pb_image alt=&#8220;Ailyn Ulloa-Andrade&#8220; title_text=&#8220;6684C425-3A9C-4B1B-BF6D-CCA3A037BCCC&#8220; url=&#8220;http:\/\/wp.movimento-mainz.de\/ailyn-ulloa-andrade\/&#8220; use_overlay=&#8220;on&#8220; hover_overlay_color=&#8220;rgba(0,0,0,0.28)&#8220; align=&#8220;center&#8220; align_tablet=&#8220;center&#8220; align_phone=&#8220;&#8220; align_last_edited=&#8220;on|desktop&#8220; admin_label=&#8220;Ina Veit&#8220; _builder_version=&#8220;4.6.6&#8243; width=&#8220;80%&#8220; hover_enabled=&#8220;0&#8243; always_center_on_mobile=&#8220;on&#8220; src=&#8220;http:\/\/wp.movimento-mainz.de\/wp-content\/uploads\/2025\/10\/6684C425-3A9C-4B1B-BF6D-CCA3A037BCCC.jpg&#8220; sticky_enabled=&#8220;0&#8243;][\/et_pb_image][\/et_pb_column][et_pb_column type=&#8220;1_2&#8243; _builder_version=&#8220;3.25&#8243; background_position=&#8220;top_left&#8220; custom_padding=&#8220;0px|0px|0px|0px&#8220; custom_padding__hover=&#8220;|||&#8220;][et_pb_text _builder_version=&#8220;3.27.4&#8243;]<\/p>\n<div class=\"et_pb_module et_pb_text et_pb_text_1  et_pb_text_align_left et_pb_bg_layout_light\">\n<div class=\"et_pb_text_inner\">\n<p>&nbsp;<\/p>\n<p><strong>Marcus Scherf &#8211; Schulleitung \/ Trainer f\u00fcr Hip Hop<\/strong><\/p>\n<p>&nbsp;<\/p>\n<p>&#8222;Seit 2017 leite ich das movimento in Mainz. Selbst tanze ich schon seit mehr als 20 Jahren. Als Trainer habe ich bereits vielen Sch\u00fclern geholfen im Tanzen erfolgreich sein. Mehrfach wurden meine Sch\u00fcler deutscher Meister im Hip Hop.\u00a0<\/p>\n<p>Mein Ziel ist es meine Leidenschaft zum Tanzen weiterzugeben. Jeder kann tanzen lernen. Und ich m\u00f6chte Dich dabei unterst\u00fctzen.&#8220;<\/p>\n<p>&nbsp;<\/p>\n<p>Weitere Informationen finden Sie unter: \u00a0<a href=\"http:\/\/www.marus-dance.com\" target=\"_blank\" rel=\"noopener\"><b>www.marcus-dance.com<\/b><\/a><\/p>\n<\/div>\n<\/div>\n<p><span class=\"Stil3\">\u00a0<\/span><\/p>\n<p>[\/et_pb_text][et_pb_text _builder_version=&#8220;3.27.4&#8243;]<\/p>\n<div class=\"et_pb_module et_pb_text et_pb_text_1  et_pb_text_align_left et_pb_bg_layout_light\">\n<div class=\"et_pb_text_inner\">\n<p>&nbsp;<\/p>\n<p>&nbsp;<\/p>\n<p><strong>Annika Baldamus &#8211; Trainerin f\u00fcr &#8222;Na Und&#8220; Projekt<\/strong><\/p>\n<p>&nbsp;<\/p>\n<p>&#8222;Ich bin Bachelor of Arts 2012 an der Universit\u00e4t in Mainz, Weiterbildung in zeitgen\u00f6ssischem Tanz und Showtanz, Aus- und Weiterbildung in Tanz und Bewegungsp\u00e4dagogik im movimento \u2013 Schule f\u00fcr Tanz und Bewegung.<\/p>\n<p>\u00a0Im movimento leite ich das &#8222;Na Und&#8220; Projekt. Eine Gruppe von Kindern und Jugendlichen mit Down Syndrom trainieren einmal im Monat bei uns. Die Gruppe konnte schon an vielen Auftritten ihr K\u00f6nnen zeigen.&#8220;<\/p>\n<\/div>\n<\/div>\n<p><span class=\"Stil3\">\u00a0<\/span><\/p>\n<p>[\/et_pb_text][et_pb_text _builder_version=&#8220;3.27.4&#8243; min_height=&#8220;674px&#8220; custom_margin=&#8220;||39px|||&#8220; custom_padding=&#8220;||0px|||&#8220;]<\/p>\n<div class=\"et_pb_module et_pb_text et_pb_text_1  et_pb_text_align_left et_pb_bg_layout_light\">\n<div class=\"et_pb_text_inner\">\n<p>&nbsp;<\/p>\n<p>&nbsp;<\/p>\n<p>&nbsp;<\/p>\n<p>\u00a0Alicia Portugall<strong> &#8211; Trainerin f\u00fcr Hip Hop<br \/><\/strong><\/p>\n<p><strong><\/strong><\/p>\n<p><strong><\/strong><\/p>\n<p><strong><\/strong><\/p>\n<p><strong><\/strong><\/p>\n<p><strong><\/strong><\/p>\n<p><span class=\"Stil3\">\u00a0<br \/><\/span><\/p>\n<\/div>\n<\/div>\n<p>[\/et_pb_text][et_pb_text _builder_version=&#8220;3.27.4&#8243; min_height=&#8220;109.6px&#8220; custom_margin=&#8220;||39px|||&#8220;]<\/p>\n<div class=\"et_pb_module et_pb_text et_pb_text_1  et_pb_text_align_left et_pb_bg_layout_light\">\n<div class=\"et_pb_text_inner\">\n<p><strong>Katja Beisch &#8211; Trainerin f\u00fcr Hip Hop<br \/><\/strong><\/p>\n<p><strong><\/strong><\/p>\n<p><strong>&#8222;Ich bin eine erfahrene Hip Hop-Tanzlehrerin und Performerin mit \u00fcber 15 Jahren Erfahrung. Seit 2010 unterrichte ich Kinder, Jugendliche und junge Erwachsene in unterschiedlichen Alters- und Schwierigkeitsstufen, w\u00e4hrend ich regelm\u00e4\u00dfig an Workshops internationaler K\u00fcnstler teilnehme. In der Vergangenheit war ich Teil von Meisterschaftsgruppen wie NEMES!S, Moove Dance Company und der Groove Dance Company, mit denen ich an nationalen Wettbewerben teilgenommen habe und in der Crew, bereits den deutschen Meistertitel im Hip Hop gewinnen konnte. Ich habe au\u00dferdem bei zahlreichen Videoproduktionen und Musikvideos als Choreografin sowie auch T\u00e4nzerin, z.B. bei &#8222;You Me Want&#8220; feat. Million Stylez, mitgewirkt.&#8220;<\/strong><\/p>\n<p><strong><\/strong><\/p>\n<p><strong><\/strong><\/p>\n<p><strong><\/strong><\/p>\n<p><strong><\/strong><\/p>\n<p><strong><\/strong><\/p>\n<p><span class=\"Stil3\">\u00a0<br \/><\/span><\/p>\n<\/div>\n<\/div>\n<p>[\/et_pb_text][et_pb_text _builder_version=&#8220;3.27.4&#8243; min_height=&#8220;109.6px&#8220; custom_margin=&#8220;||39px|||&#8220;]<\/p>\n<div class=\"et_pb_module et_pb_text et_pb_text_1  et_pb_text_align_left et_pb_bg_layout_light\">\n<div class=\"et_pb_text_inner\">\n<p><strong><\/strong><\/p>\n<p><strong><\/strong><\/p>\n<p><strong><\/strong><\/p>\n<p><strong>Julia Blaczyk &#8211; Trainerin f\u00fcr Hip Hop<br \/><\/strong><\/p>\n<p><strong><\/strong><\/p>\n<p><strong>\u00a0<\/strong><\/p>\n<p><strong><\/strong><\/p>\n<p><strong><\/strong><\/p>\n<p><strong><\/strong><\/p>\n<p><strong><\/strong><\/p>\n<p><strong><\/strong><\/p>\n<p><span class=\"Stil3\">\u00a0<br \/><\/span><\/p>\n<\/div>\n<\/div>\n<p>[\/et_pb_text][et_pb_text _builder_version=&#8220;3.27.4&#8243; min_height=&#8220;109.6px&#8220; custom_margin=&#8220;||39px|||&#8220;]<\/p>\n<div class=\"et_pb_module et_pb_text et_pb_text_1  et_pb_text_align_left et_pb_bg_layout_light\">\n<div class=\"et_pb_text_inner\">\n<p><strong><\/strong><\/p>\n<p><strong><\/strong><\/p>\n<p><strong><\/strong><\/p>\n<p><strong><\/strong><\/p>\n<p><strong><\/strong><\/p>\n<p><strong><\/strong><\/p>\n<p><strong><\/strong><\/p>\n<p><strong><\/strong><\/p>\n<p><strong><\/strong><\/p>\n<p><strong><\/strong><\/p>\n<p><strong><\/strong><\/p>\n<p><strong><\/strong><\/p>\n<p><strong><\/strong><\/p>\n<p><strong><\/strong><\/p>\n<p><strong><\/strong><\/p>\n<p><strong><\/strong><\/p>\n<p><strong><\/strong><\/p>\n<p><strong><\/strong><\/p>\n<p><strong><\/strong><\/p>\n<p><strong><\/strong><\/p>\n<p><strong><\/strong><\/p>\n<p><strong><\/strong><\/p>\n<p><strong><\/strong><\/p>\n<p><strong><\/strong><\/p>\n<p><strong><\/strong><\/p>\n<p><strong><\/strong><\/p>\n<p><strong><\/strong><\/p>\n<p><strong><\/strong><\/p>\n<p><strong><\/strong><\/p>\n<p><strong><\/strong><\/p>\n<p><strong>Mia Sophie &#8211; Trainerin f\u00fcr Afro und Amapiano<\/strong><\/p>\n<p><strong><\/strong><\/p>\n<p><strong>\u00a0<\/strong><\/p>\n<p><strong><\/strong><\/p>\n<p><strong><\/strong><\/p>\n<p><strong><\/strong><\/p>\n<p><strong><\/strong><\/p>\n<p><strong><\/strong><\/p>\n<p><span class=\"Stil3\">\u00a0<br \/><\/span><\/p>\n<\/div>\n<\/div>\n<p>[\/et_pb_text][\/et_pb_column][\/et_pb_row][\/et_pb_section][et_pb_section fb_built=&#8220;1&#8243; admin_label=&#8220;section&#8220; _builder_version=&#8220;3.22&#8243; background_color=&#8220;#09469b&#8220;][et_pb_row admin_label=&#8220;row&#8220; _builder_version=&#8220;3.25&#8243; background_color=&#8220;#09469b&#8220;][et_pb_column type=&#8220;4_4&#8243; _builder_version=&#8220;3.25&#8243; background_color=&#8220;#09469b&#8220; custom_padding=&#8220;|||&#8220; custom_padding__hover=&#8220;|||&#8220;][et_pb_text _builder_version=&#8220;4.6.6&#8243; text_font=&#8220;Comfortaa||||&#8220; background_color=&#8220;#09469b&#8220; background_layout=&#8220;dark&#8220;]<\/p>\n<h4 style=\"text-align: center;\"><span style=\"font-size: medium;\">Movimento Mainz<\/span><span style=\"font-size: medium;\"><br \/><\/span><\/h4>\n<p style=\"text-align: center;\"><span style=\"font-size: 14px;\">Mombacher Strasse 48,\u00a055121 Mainz | \u00a0Telefon 017684508936\u00a0 | \u00a0kontakt@movimento-mainz.de<\/span><\/p>\n<p>[\/et_pb_text][\/et_pb_column][\/et_pb_row][\/et_pb_section]<\/p>\n","protected":false},"excerpt":{"rendered":"<p>[et_pb_section fb_built=&#8220;1&#8243; fullwidth=&#8220;on&#8220; _builder_version=&#8220;3.22&#8243;][et_pb_fullwidth_image src=&#8220;http:\/\/wp.movimento-mainz.de\/wp-content\/uploads\/2017\/06\/20170409-DSC_9374_1920x600.jpg&#8220; admin_label=&#8220;Titelbild&#8220; _builder_version=&#8220;3.0.92&#8243;][\/et_pb_fullwidth_image][\/et_pb_section][et_pb_section fb_built=&#8220;1&#8243; module_class=&#8220;sb_dci_settings_curved sb_dci_size_100&#8243; _builder_version=&#8220;3.22&#8243; background_color=&#8220;#e09900&#8243;][et_pb_row _builder_version=&#8220;3.25&#8243; background_size=&#8220;initial&#8220; background_position=&#8220;top_left&#8220; background_repeat=&#8220;repeat&#8220;][et_pb_column type=&#8220;4_4&#8243; _builder_version=&#8220;3.25&#8243; custom_padding=&#8220;|||&#8220; custom_padding__hover=&#8220;|||&#8220;][et_pb_text _builder_version=&#8220;3.27.4&#8243; text_font=&#8220;Comfortaa||||&#8220; text_font_size=&#8220;18&#8243; header_text_color=&#8220;#ffffff&#8220; text_orientation=&#8220;center&#8220; background_layout=&#8220;dark&#8220; module_alignment=&#8220;center&#8220; border_style=&#8220;solid&#8220;] Unser Team [\/et_pb_text][\/et_pb_column][\/et_pb_row][\/et_pb_section][et_pb_section fb_built=&#8220;1&#8243; fullwidth=&#8220;on&#8220; module_class=&#8220;sb_dci_settings_curved sb_dci_size_100&#8243; _builder_version=&#8220;3.22&#8243; background_color=&#8220;#e09900&#8243;][\/et_pb_section][et_pb_section fb_built=&#8220;1&#8243; module_class=&#8220;sb_dci_size_100&#8243; _builder_version=&#8220;3.22&#8243; custom_padding=&#8220;-150px|||&#8220;][et_pb_row _builder_version=&#8220;3.25&#8243; background_size=&#8220;initial&#8220; background_position=&#8220;top_left&#8220; background_repeat=&#8220;repeat&#8220;][et_pb_column type=&#8220;4_4&#8243; _builder_version=&#8220;3.25&#8243; custom_padding=&#8220;|||&#8220; custom_padding__hover=&#8220;|||&#8220;][et_pb_blurb admin_label=&#8220;Team&#8220; _builder_version=&#8220;3.0.92&#8243; header_text_color=&#8220;#e09900&#8243; text_orientation=&#8220;center&#8220; border_style=&#8220;solid&#8220;][\/et_pb_blurb][\/et_pb_column][\/et_pb_row][\/et_pb_section][et_pb_section fb_built=&#8220;1&#8243; [&hellip;]<\/p>\n","protected":false},"author":1,"featured_media":0,"parent":0,"menu_order":0,"comment_status":"closed","ping_status":"closed","template":"","meta":{"_et_pb_use_builder":"on","_et_pb_old_content":"","_et_gb_content_width":"","footnotes":""},"class_list":["post-322","page","type-page","status-publish","hentry"],"_links":{"self":[{"href":"https:\/\/wp.movimento-mainz.de\/index.php?rest_route=\/wp\/v2\/pages\/322","targetHints":{"allow":["GET"]}}],"collection":[{"href":"https:\/\/wp.movimento-mainz.de\/index.php?rest_route=\/wp\/v2\/pages"}],"about":[{"href":"https:\/\/wp.movimento-mainz.de\/index.php?rest_route=\/wp\/v2\/types\/page"}],"author":[{"embeddable":true,"href":"https:\/\/wp.movimento-mainz.de\/index.php?rest_route=\/wp\/v2\/users\/1"}],"replies":[{"embeddable":true,"href":"https:\/\/wp.movimento-mainz.de\/index.php?rest_route=%2Fwp%2Fv2%2Fcomments&post=322"}],"version-history":[{"count":67,"href":"https:\/\/wp.movimento-mainz.de\/index.php?rest_route=\/wp\/v2\/pages\/322\/revisions"}],"predecessor-version":[{"id":1674,"href":"https:\/\/wp.movimento-mainz.de\/index.php?rest_route=\/wp\/v2\/pages\/322\/revisions\/1674"}],"wp:attachment":[{"href":"https:\/\/wp.movimento-mainz.de\/index.php?rest_route=%2Fwp%2Fv2%2Fmedia&parent=322"}],"curies":[{"name":"wp","href":"https:\/\/api.w.org\/{rel}","templated":true}]}}